{"id":100,"date":"2015-04-24T03:04:00","date_gmt":"2015-04-24T03:04:00","guid":{"rendered":"http:\/\/www.azultourquesa.com\/?page_id=100"},"modified":"2016-05-01T21:03:26","modified_gmt":"2016-05-02T02:03:26","slug":"credentials","status":"publish","type":"page","link":"https:\/\/test.azultourquesa.com\/es\/credentials\/","title":{"rendered":"CREDENCIALES"},"content":{"rendered":"<figure id=\"attachment_3592\" aria-describedby=\"caption-attachment-3592\" style=\"width: 300px\" class=\"wp-caption alignleft\"><img loading=\"lazy\" decoding=\"async\" class=\"wp-image-3592 size-full\" src=\"http:\/\/www.azultourquesa.com\/wp-content\/uploads\/2016\/05\/MG_2877-e1462151436639.jpg\" alt=\"monica rivera - credenciales\" width=\"300\" height=\"450\" \/><figcaption id=\"caption-attachment-3592\" class=\"wp-caption-text\">Foto de <a href=\"http:\/\/leemanningphotography.com\" target=\"_blank\">Lee Manning<\/a><\/figcaption><\/figure>\n<p>Con un t\u00edtulo en periodismo de la Universidad de Texas en Austin y experiencia como editora en varias publicaciones, tambi\u00e9n soy una periodista de viajes independiente y fot\u00f3grafa, adem\u00e1s de bloguera de viajes. Puedes encontrar una lista de mi trabajo publicado aqu\u00ed, as\u00ed como de las empresas y publicaciones\u00a0donde he trabajado.<\/p>\n<p><strong>USA<\/strong><\/p>\n<ul>\n<li><a href=\"http:\/\/cnnespanol.cnn.com\/\" target=\"_blank\">CNN<\/a><\/li>\n<li><a href=\"http:\/\/www.statesman.com\/s\/ahora-si\/\" target=\"_blank\">Ahora si! &#8211; Austin American-Statesman<\/a><\/li>\n<li><a href=\"http:\/\/www.pearsoned.com\/\" target=\"_blank\">Pearson<\/a><\/li>\n<\/ul>\n<p><strong>MEXICO<\/strong><\/p>\n<ul>\n<li><a href=\"http:\/\/www.reforma.com\/\" target=\"_blank\">Reforma Newspaper<\/a><\/li>\n<li>United Press International<\/li>\n<li><a href=\"http:\/\/www.conaculta.gob.mx\/\" target=\"_blank\">CONACULTA<\/a><\/li>\n<li>7 Cambio<\/li>\n<li><a href=\"https:\/\/www.facebook.com\/casasgente\" target=\"_blank\">El Coleccionista &#8211; Casas y Gente<\/a><\/li>\n<\/ul>\n<p>&nbsp;<\/p>\n","protected":false},"excerpt":{"rendered":"<p>Con un t\u00edtulo en periodismo de la Universidad de Texas en Austin y experiencia como editora en varias publicaciones, tambi\u00e9n soy una periodista de viajes independiente y fot\u00f3grafa, adem\u00e1s de bloguera de viajes. Puedes encontrar una lista de mi trabajo publicado aqu\u00ed, as\u00ed como de las empresas y publicaciones\u00a0donde he trabajado. USA CNN Ahora si! [&hellip;]<\/p>\n","protected":false},"author":1,"featured_media":0,"parent":0,"menu_order":0,"comment_status":"closed","ping_status":"closed","template":"","meta":{"ngg_post_thumbnail":0,"footnotes":""},"class_list":["post-100","page","type-page","status-publish","hentry"],"yoast_head":"<!-- This site is optimized with the Yoast SEO plugin v27.4 - https:\/\/yoast.com\/product\/yoast-seo-wordpress\/ -->\n<title>CREDENTIALS | Azul Tourquesa<\/title>\n<meta name=\"description\" content=\"I am an independent travel journalist and photographer in addition to a travel blogger with a degree in journalism from UT Austin.\" \/>\n<meta name=\"robots\" content=\"index, follow, max-snippet:-1, max-image-preview:large, max-video-preview:-1\" \/>\n<link rel=\"canonical\" href=\"https:\/\/test.azultourquesa.com\/es\/credentials\/\" \/>\n<meta property=\"og:locale\" content=\"en_US\" \/>\n<meta property=\"og:type\" content=\"article\" \/>\n<meta property=\"og:title\" content=\"CREDENTIALS | Azul Tourquesa\" \/>\n<meta property=\"og:description\" content=\"I am an independent travel journalist and photographer in addition to a travel blogger with a degree in journalism from UT Austin.\" \/>\n<meta property=\"og:url\" content=\"https:\/\/test.azultourquesa.com\/es\/credentials\/\" \/>\n<meta property=\"og:site_name\" content=\"Azul Tourquesa\" \/>\n<meta property=\"article:publisher\" content=\"https:\/\/www.facebook.com\/myazultourquesa\" \/>\n<meta property=\"article:modified_time\" content=\"2016-05-02T02:03:26+00:00\" \/>\n<meta property=\"og:image\" content=\"http:\/\/www.azultourquesa.com\/wp-content\/uploads\/2016\/05\/MG_2877-e1462151436639.jpg\" \/>\n<meta name=\"twitter:card\" content=\"summary_large_image\" \/>\n<meta name=\"twitter:site\" content=\"@myazultourquesa\" \/>\n<script type=\"application\/ld+json\" class=\"yoast-schema-graph\">{\"@context\":\"https:\\\/\\\/schema.org\",\"@graph\":[{\"@type\":\"WebPage\",\"@id\":\"https:\\\/\\\/test.azultourquesa.com\\\/es\\\/credentials\\\/\",\"url\":\"https:\\\/\\\/test.azultourquesa.com\\\/es\\\/credentials\\\/\",\"name\":\"CREDENTIALS | Azul Tourquesa\",\"isPartOf\":{\"@id\":\"https:\\\/\\\/test.azultourquesa.com\\\/es\\\/#website\"},\"primaryImageOfPage\":{\"@id\":\"https:\\\/\\\/test.azultourquesa.com\\\/es\\\/credentials\\\/#primaryimage\"},\"image\":{\"@id\":\"https:\\\/\\\/test.azultourquesa.com\\\/es\\\/credentials\\\/#primaryimage\"},\"thumbnailUrl\":\"http:\\\/\\\/www.azultourquesa.com\\\/wp-content\\\/uploads\\\/2016\\\/05\\\/MG_2877-e1462151436639.jpg\",\"datePublished\":\"2015-04-24T03:04:00+00:00\",\"dateModified\":\"2016-05-02T02:03:26+00:00\",\"description\":\"I am an independent travel journalist and photographer in addition to a travel blogger with a degree in journalism from UT Austin.\",\"breadcrumb\":{\"@id\":\"https:\\\/\\\/test.azultourquesa.com\\\/es\\\/credentials\\\/#breadcrumb\"},\"inLanguage\":\"en-US\",\"potentialAction\":[{\"@type\":\"ReadAction\",\"target\":[\"https:\\\/\\\/test.azultourquesa.com\\\/es\\\/credentials\\\/\"]}]},{\"@type\":\"ImageObject\",\"inLanguage\":\"en-US\",\"@id\":\"https:\\\/\\\/test.azultourquesa.com\\\/es\\\/credentials\\\/#primaryimage\",\"url\":\"http:\\\/\\\/www.azultourquesa.com\\\/wp-content\\\/uploads\\\/2016\\\/05\\\/MG_2877-e1462151436639.jpg\",\"contentUrl\":\"http:\\\/\\\/www.azultourquesa.com\\\/wp-content\\\/uploads\\\/2016\\\/05\\\/MG_2877-e1462151436639.jpg\"},{\"@type\":\"BreadcrumbList\",\"@id\":\"https:\\\/\\\/test.azultourquesa.com\\\/es\\\/credentials\\\/#breadcrumb\",\"itemListElement\":[{\"@type\":\"ListItem\",\"position\":1,\"name\":\"Home\",\"item\":\"https:\\\/\\\/test.azultourquesa.com\\\/es\\\/\"},{\"@type\":\"ListItem\",\"position\":2,\"name\":\"CREDENCIALES\"}]},{\"@type\":\"WebSite\",\"@id\":\"https:\\\/\\\/test.azultourquesa.com\\\/es\\\/#website\",\"url\":\"https:\\\/\\\/test.azultourquesa.com\\\/es\\\/\",\"name\":\"Azul Tourquesa\",\"description\":\"La vida es un gran viaje\",\"potentialAction\":[{\"@type\":\"SearchAction\",\"target\":{\"@type\":\"EntryPoint\",\"urlTemplate\":\"https:\\\/\\\/test.azultourquesa.com\\\/es\\\/?s={search_term_string}\"},\"query-input\":{\"@type\":\"PropertyValueSpecification\",\"valueRequired\":true,\"valueName\":\"search_term_string\"}}],\"inLanguage\":\"en-US\"}]}<\/script>\n<!-- \/ Yoast SEO plugin. -->","yoast_head_json":{"title":"CREDENTIALS | Azul Tourquesa","description":"I am an independent travel journalist and photographer in addition to a travel blogger with a degree in journalism from UT Austin.","robots":{"index":"index","follow":"follow","max-snippet":"max-snippet:-1","max-image-preview":"max-image-preview:large","max-video-preview":"max-video-preview:-1"},"canonical":"https:\/\/test.azultourquesa.com\/es\/credentials\/","og_locale":"en_US","og_type":"article","og_title":"CREDENTIALS | Azul Tourquesa","og_description":"I am an independent travel journalist and photographer in addition to a travel blogger with a degree in journalism from UT Austin.","og_url":"https:\/\/test.azultourquesa.com\/es\/credentials\/","og_site_name":"Azul Tourquesa","article_publisher":"https:\/\/www.facebook.com\/myazultourquesa","article_modified_time":"2016-05-02T02:03:26+00:00","og_image":[{"url":"http:\/\/www.azultourquesa.com\/wp-content\/uploads\/2016\/05\/MG_2877-e1462151436639.jpg","type":"","width":"","height":""}],"twitter_card":"summary_large_image","twitter_site":"@myazultourquesa","schema":{"@context":"https:\/\/schema.org","@graph":[{"@type":"WebPage","@id":"https:\/\/test.azultourquesa.com\/es\/credentials\/","url":"https:\/\/test.azultourquesa.com\/es\/credentials\/","name":"CREDENTIALS | Azul Tourquesa","isPartOf":{"@id":"https:\/\/test.azultourquesa.com\/es\/#website"},"primaryImageOfPage":{"@id":"https:\/\/test.azultourquesa.com\/es\/credentials\/#primaryimage"},"image":{"@id":"https:\/\/test.azultourquesa.com\/es\/credentials\/#primaryimage"},"thumbnailUrl":"http:\/\/www.azultourquesa.com\/wp-content\/uploads\/2016\/05\/MG_2877-e1462151436639.jpg","datePublished":"2015-04-24T03:04:00+00:00","dateModified":"2016-05-02T02:03:26+00:00","description":"I am an independent travel journalist and photographer in addition to a travel blogger with a degree in journalism from UT Austin.","breadcrumb":{"@id":"https:\/\/test.azultourquesa.com\/es\/credentials\/#breadcrumb"},"inLanguage":"en-US","potentialAction":[{"@type":"ReadAction","target":["https:\/\/test.azultourquesa.com\/es\/credentials\/"]}]},{"@type":"ImageObject","inLanguage":"en-US","@id":"https:\/\/test.azultourquesa.com\/es\/credentials\/#primaryimage","url":"http:\/\/www.azultourquesa.com\/wp-content\/uploads\/2016\/05\/MG_2877-e1462151436639.jpg","contentUrl":"http:\/\/www.azultourquesa.com\/wp-content\/uploads\/2016\/05\/MG_2877-e1462151436639.jpg"},{"@type":"BreadcrumbList","@id":"https:\/\/test.azultourquesa.com\/es\/credentials\/#breadcrumb","itemListElement":[{"@type":"ListItem","position":1,"name":"Home","item":"https:\/\/test.azultourquesa.com\/es\/"},{"@type":"ListItem","position":2,"name":"CREDENCIALES"}]},{"@type":"WebSite","@id":"https:\/\/test.azultourquesa.com\/es\/#website","url":"https:\/\/test.azultourquesa.com\/es\/","name":"Azul Tourquesa","description":"La vida es un gran viaje","potentialAction":[{"@type":"SearchAction","target":{"@type":"EntryPoint","urlTemplate":"https:\/\/test.azultourquesa.com\/es\/?s={search_term_string}"},"query-input":{"@type":"PropertyValueSpecification","valueRequired":true,"valueName":"search_term_string"}}],"inLanguage":"en-US"}]}},"_links":{"self":[{"href":"https:\/\/test.azultourquesa.com\/es\/wp-json\/wp\/v2\/pages\/100","targetHints":{"allow":["GET"]}}],"collection":[{"href":"https:\/\/test.azultourquesa.com\/es\/wp-json\/wp\/v2\/pages"}],"about":[{"href":"https:\/\/test.azultourquesa.com\/es\/wp-json\/wp\/v2\/types\/page"}],"author":[{"embeddable":true,"href":"https:\/\/test.azultourquesa.com\/es\/wp-json\/wp\/v2\/users\/1"}],"replies":[{"embeddable":true,"href":"https:\/\/test.azultourquesa.com\/es\/wp-json\/wp\/v2\/comments?post=100"}],"version-history":[{"count":1,"href":"https:\/\/test.azultourquesa.com\/es\/wp-json\/wp\/v2\/pages\/100\/revisions"}],"predecessor-version":[{"id":3600,"href":"https:\/\/test.azultourquesa.com\/es\/wp-json\/wp\/v2\/pages\/100\/revisions\/3600"}],"wp:attachment":[{"href":"https:\/\/test.azultourquesa.com\/es\/wp-json\/wp\/v2\/media?parent=100"}],"curies":[{"name":"wp","href":"https:\/\/api.w.org\/{rel}","templated":true}]}}