{"id":103,"date":"2015-04-24T03:05:10","date_gmt":"2015-04-24T03:05:10","guid":{"rendered":"http:\/\/www.azultourquesa.com\/?page_id=103"},"modified":"2015-12-18T02:09:41","modified_gmt":"2015-12-18T07:09:41","slug":"reviews","status":"publish","type":"page","link":"https:\/\/test.azultourquesa.com\/es\/reviews\/","title":{"rendered":"RESE\u00d1AS"},"content":{"rendered":"<p><img loading=\"lazy\" decoding=\"async\" class=\"alignleft size-full wp-image-248\" src=\"http:\/\/www.azultourquesa.com\/wp-content\/uploads\/2015\/04\/PhotoJournalism2.jpg\" alt=\"PhotoJournalism2\" width=\"900\" height=\"600\" srcset=\"https:\/\/test.azultourquesa.com\/wp-content\/uploads\/2015\/04\/PhotoJournalism2.jpg 900w, https:\/\/test.azultourquesa.com\/wp-content\/uploads\/2015\/04\/PhotoJournalism2-300x200.jpg 300w, https:\/\/test.azultourquesa.com\/wp-content\/uploads\/2015\/04\/PhotoJournalism2-210x140.jpg 210w\" sizes=\"auto, (max-width: 900px) 100vw, 900px\" \/>\u00bfTienes un trabajo? M\u00f3nica Rivera est\u00e1 disponible para viajes de prensa, trabajos por encargo y rese\u00f1as. Env\u00edale un correo electr\u00f3nico a: <strong>myazultourquesa@gmail.com<\/strong><\/p>\n","protected":false},"excerpt":{"rendered":"<p>\u00bfTienes un trabajo? M\u00f3nica Rivera est\u00e1 disponible para viajes de prensa, trabajos por encargo y rese\u00f1as. Env\u00edale un correo electr\u00f3nico a: myazultourquesa@gmail.com<\/p>\n","protected":false},"author":1,"featured_media":0,"parent":0,"menu_order":0,"comment_status":"closed","ping_status":"closed","template":"","meta":{"ngg_post_thumbnail":0,"footnotes":""},"class_list":["post-103","page","type-page","status-publish","hentry"],"yoast_head":"<!-- This site is optimized with the Yoast SEO plugin v27.4 - https:\/\/yoast.com\/product\/yoast-seo-wordpress\/ -->\n<title>REVIEWS | Azul Tourquesa<\/title>\n<meta name=\"description\" content=\"Monica Rivera is available for press trips, travel assignments and reviews.\" \/>\n<meta name=\"robots\" content=\"index, follow, max-snippet:-1, max-image-preview:large, max-video-preview:-1\" \/>\n<link rel=\"canonical\" href=\"https:\/\/test.azultourquesa.com\/es\/reviews\/\" \/>\n<meta property=\"og:locale\" content=\"en_US\" \/>\n<meta property=\"og:type\" content=\"article\" \/>\n<meta property=\"og:title\" content=\"REVIEWS | Azul Tourquesa\" \/>\n<meta property=\"og:description\" content=\"Monica Rivera is available for press trips, travel assignments and reviews.\" \/>\n<meta property=\"og:url\" content=\"https:\/\/test.azultourquesa.com\/es\/reviews\/\" \/>\n<meta property=\"og:site_name\" content=\"Azul Tourquesa\" \/>\n<meta property=\"article:publisher\" content=\"https:\/\/www.facebook.com\/myazultourquesa\" \/>\n<meta property=\"article:modified_time\" content=\"2015-12-18T07:09:41+00:00\" \/>\n<meta property=\"og:image\" content=\"http:\/\/www.azultourquesa.com\/wp-content\/uploads\/2015\/04\/PhotoJournalism2.jpg\" \/>\n<meta name=\"twitter:card\" content=\"summary_large_image\" \/>\n<meta name=\"twitter:site\" content=\"@myazultourquesa\" \/>\n<script type=\"application\/ld+json\" class=\"yoast-schema-graph\">{\"@context\":\"https:\\\/\\\/schema.org\",\"@graph\":[{\"@type\":\"WebPage\",\"@id\":\"https:\\\/\\\/test.azultourquesa.com\\\/es\\\/reviews\\\/\",\"url\":\"https:\\\/\\\/test.azultourquesa.com\\\/es\\\/reviews\\\/\",\"name\":\"REVIEWS | Azul Tourquesa\",\"isPartOf\":{\"@id\":\"https:\\\/\\\/test.azultourquesa.com\\\/es\\\/#website\"},\"primaryImageOfPage\":{\"@id\":\"https:\\\/\\\/test.azultourquesa.com\\\/es\\\/reviews\\\/#primaryimage\"},\"image\":{\"@id\":\"https:\\\/\\\/test.azultourquesa.com\\\/es\\\/reviews\\\/#primaryimage\"},\"thumbnailUrl\":\"http:\\\/\\\/www.azultourquesa.com\\\/wp-content\\\/uploads\\\/2015\\\/04\\\/PhotoJournalism2.jpg\",\"datePublished\":\"2015-04-24T03:05:10+00:00\",\"dateModified\":\"2015-12-18T07:09:41+00:00\",\"description\":\"Monica Rivera is available for press trips, travel assignments and reviews.\",\"breadcrumb\":{\"@id\":\"https:\\\/\\\/test.azultourquesa.com\\\/es\\\/reviews\\\/#breadcrumb\"},\"inLanguage\":\"en-US\",\"potentialAction\":[{\"@type\":\"ReadAction\",\"target\":[\"https:\\\/\\\/test.azultourquesa.com\\\/es\\\/reviews\\\/\"]}]},{\"@type\":\"ImageObject\",\"inLanguage\":\"en-US\",\"@id\":\"https:\\\/\\\/test.azultourquesa.com\\\/es\\\/reviews\\\/#primaryimage\",\"url\":\"http:\\\/\\\/www.azultourquesa.com\\\/wp-content\\\/uploads\\\/2015\\\/04\\\/PhotoJournalism2.jpg\",\"contentUrl\":\"http:\\\/\\\/www.azultourquesa.com\\\/wp-content\\\/uploads\\\/2015\\\/04\\\/PhotoJournalism2.jpg\"},{\"@type\":\"BreadcrumbList\",\"@id\":\"https:\\\/\\\/test.azultourquesa.com\\\/es\\\/reviews\\\/#breadcrumb\",\"itemListElement\":[{\"@type\":\"ListItem\",\"position\":1,\"name\":\"Home\",\"item\":\"https:\\\/\\\/test.azultourquesa.com\\\/es\\\/\"},{\"@type\":\"ListItem\",\"position\":2,\"name\":\"RESE\u00d1AS\"}]},{\"@type\":\"WebSite\",\"@id\":\"https:\\\/\\\/test.azultourquesa.com\\\/es\\\/#website\",\"url\":\"https:\\\/\\\/test.azultourquesa.com\\\/es\\\/\",\"name\":\"Azul Tourquesa\",\"description\":\"La vida es un gran viaje\",\"potentialAction\":[{\"@type\":\"SearchAction\",\"target\":{\"@type\":\"EntryPoint\",\"urlTemplate\":\"https:\\\/\\\/test.azultourquesa.com\\\/es\\\/?s={search_term_string}\"},\"query-input\":{\"@type\":\"PropertyValueSpecification\",\"valueRequired\":true,\"valueName\":\"search_term_string\"}}],\"inLanguage\":\"en-US\"}]}<\/script>\n<!-- \/ Yoast SEO plugin. -->","yoast_head_json":{"title":"REVIEWS | Azul Tourquesa","description":"Monica Rivera is available for press trips, travel assignments and reviews.","robots":{"index":"index","follow":"follow","max-snippet":"max-snippet:-1","max-image-preview":"max-image-preview:large","max-video-preview":"max-video-preview:-1"},"canonical":"https:\/\/test.azultourquesa.com\/es\/reviews\/","og_locale":"en_US","og_type":"article","og_title":"REVIEWS | Azul Tourquesa","og_description":"Monica Rivera is available for press trips, travel assignments and reviews.","og_url":"https:\/\/test.azultourquesa.com\/es\/reviews\/","og_site_name":"Azul Tourquesa","article_publisher":"https:\/\/www.facebook.com\/myazultourquesa","article_modified_time":"2015-12-18T07:09:41+00:00","og_image":[{"url":"http:\/\/www.azultourquesa.com\/wp-content\/uploads\/2015\/04\/PhotoJournalism2.jpg","type":"","width":"","height":""}],"twitter_card":"summary_large_image","twitter_site":"@myazultourquesa","schema":{"@context":"https:\/\/schema.org","@graph":[{"@type":"WebPage","@id":"https:\/\/test.azultourquesa.com\/es\/reviews\/","url":"https:\/\/test.azultourquesa.com\/es\/reviews\/","name":"REVIEWS | Azul Tourquesa","isPartOf":{"@id":"https:\/\/test.azultourquesa.com\/es\/#website"},"primaryImageOfPage":{"@id":"https:\/\/test.azultourquesa.com\/es\/reviews\/#primaryimage"},"image":{"@id":"https:\/\/test.azultourquesa.com\/es\/reviews\/#primaryimage"},"thumbnailUrl":"http:\/\/www.azultourquesa.com\/wp-content\/uploads\/2015\/04\/PhotoJournalism2.jpg","datePublished":"2015-04-24T03:05:10+00:00","dateModified":"2015-12-18T07:09:41+00:00","description":"Monica Rivera is available for press trips, travel assignments and reviews.","breadcrumb":{"@id":"https:\/\/test.azultourquesa.com\/es\/reviews\/#breadcrumb"},"inLanguage":"en-US","potentialAction":[{"@type":"ReadAction","target":["https:\/\/test.azultourquesa.com\/es\/reviews\/"]}]},{"@type":"ImageObject","inLanguage":"en-US","@id":"https:\/\/test.azultourquesa.com\/es\/reviews\/#primaryimage","url":"http:\/\/www.azultourquesa.com\/wp-content\/uploads\/2015\/04\/PhotoJournalism2.jpg","contentUrl":"http:\/\/www.azultourquesa.com\/wp-content\/uploads\/2015\/04\/PhotoJournalism2.jpg"},{"@type":"BreadcrumbList","@id":"https:\/\/test.azultourquesa.com\/es\/reviews\/#breadcrumb","itemListElement":[{"@type":"ListItem","position":1,"name":"Home","item":"https:\/\/test.azultourquesa.com\/es\/"},{"@type":"ListItem","position":2,"name":"RESE\u00d1AS"}]},{"@type":"WebSite","@id":"https:\/\/test.azultourquesa.com\/es\/#website","url":"https:\/\/test.azultourquesa.com\/es\/","name":"Azul Tourquesa","description":"La vida es un gran viaje","potentialAction":[{"@type":"SearchAction","target":{"@type":"EntryPoint","urlTemplate":"https:\/\/test.azultourquesa.com\/es\/?s={search_term_string}"},"query-input":{"@type":"PropertyValueSpecification","valueRequired":true,"valueName":"search_term_string"}}],"inLanguage":"en-US"}]}},"_links":{"self":[{"href":"https:\/\/test.azultourquesa.com\/es\/wp-json\/wp\/v2\/pages\/103","targetHints":{"allow":["GET"]}}],"collection":[{"href":"https:\/\/test.azultourquesa.com\/es\/wp-json\/wp\/v2\/pages"}],"about":[{"href":"https:\/\/test.azultourquesa.com\/es\/wp-json\/wp\/v2\/types\/page"}],"author":[{"embeddable":true,"href":"https:\/\/test.azultourquesa.com\/es\/wp-json\/wp\/v2\/users\/1"}],"replies":[{"embeddable":true,"href":"https:\/\/test.azultourquesa.com\/es\/wp-json\/wp\/v2\/comments?post=103"}],"version-history":[{"count":1,"href":"https:\/\/test.azultourquesa.com\/es\/wp-json\/wp\/v2\/pages\/103\/revisions"}],"predecessor-version":[{"id":3190,"href":"https:\/\/test.azultourquesa.com\/es\/wp-json\/wp\/v2\/pages\/103\/revisions\/3190"}],"wp:attachment":[{"href":"https:\/\/test.azultourquesa.com\/es\/wp-json\/wp\/v2\/media?parent=103"}],"curies":[{"name":"wp","href":"https:\/\/api.w.org\/{rel}","templated":true}]}}