{"id":36,"date":"2015-04-18T04:42:13","date_gmt":"2015-04-18T04:42:13","guid":{"rendered":"http:\/\/www.azultourquesa.com\/?page_id=36"},"modified":"2016-01-06T12:36:27","modified_gmt":"2016-01-06T17:36:27","slug":"sobre-mi","status":"publish","type":"page","link":"https:\/\/test.azultourquesa.com\/es\/sobre-mi\/","title":{"rendered":"SOBRE M\u00cd"},"content":{"rendered":"<p><img loading=\"lazy\" decoding=\"async\" class=\"alignleft wp-image-64 size-thumbnail\" src=\"http:\/\/www.azultourquesa.com\/wp-content\/uploads\/2015\/04\/FotoMonica-e1429392893776-150x150.jpg\" alt=\"\" width=\"150\" height=\"150\" srcset=\"https:\/\/test.azultourquesa.com\/wp-content\/uploads\/2015\/04\/FotoMonica-e1429392893776-150x150.jpg 150w, https:\/\/test.azultourquesa.com\/wp-content\/uploads\/2015\/04\/FotoMonica-e1429392893776-210x210.jpg 210w\" sizes=\"auto, (max-width: 150px) 100vw, 150px\" \/><\/p>\n<p>Mi vida se divide en tres partes. La\u00a0<strong>Parte 3<\/strong> es la que empieza con este blog de viajes. Es la fase m\u00e1s satisfactoria de mi vida porque por fin puedo dedicarme a lo que realmente me apasiona: viajar, escribir y fotografiar. Es una \u00e9poca de creatividad, libertad y gozo.<\/p>\n<p>La <strong>Parte 2<\/strong> empez\u00f3 a mi llegada a los Estados Unidos en 1999. Esta fue una \u00e9poca universitaria llena de adaptaciones a una nueva cultura e idioma. Conoce m\u00e1s acerca de\u00a0<a href=\"http:\/\/www.azultourquesa.com\/mi-vida-en-usa-parte-2\/\"><em>Mi vida en USA: Parte 2<\/em>.<\/a>\u00a0Fue tambi\u00e9n una \u00e9poca de aprendizaje, sue\u00f1os y logros.<\/p>\n<p>La <strong>Parte 1\u00a0<\/strong>comenz\u00f3 en M\u00e9xico, mi pa\u00eds natal, por el cual tengo un gran amor a pesar de no vivir en \u00e9l desde hace m\u00e1s de 15 a\u00f1os. Fue una etapa de aventura. M\u00e9xico es un pa\u00eds con una rica cultura. Mi pasi\u00f3n por el arte, la m\u00fasica, la literatura y la historia nacieron en M\u00e9xico.<\/p>\n<p>Esta trilog\u00eda conforma lo que soy ahora: Una persona con un deseo irresistible por viajar. Creo que el mundo es un sal\u00f3n de clase. Viajar es una herramienta para aprender. La vida debe ser un viaje lleno de ense\u00f1anzas que finalmente te convertir\u00e1n en un gran maestro. Quiero vivir la vida como un viaje \u00fanico e inolvidable y deseo compartirlo contigo.<\/p>\n<p>&nbsp;<\/p>\n<p style=\"text-align: center;\">\u00bfPOR QU\u00c9 EL NOMBRE <em><strong>AZUL TOURQUESA<\/strong><\/em> PARA UN BLOG DE VIAJES?<\/p>\n<p style=\"text-align: center;\"><img loading=\"lazy\" decoding=\"async\" class=\"aligncenter size-thumbnail wp-image-184\" src=\"http:\/\/www.azultourquesa.com\/wp-content\/uploads\/2015\/04\/LogoTwitter2-150x150.png\" alt=\"LogoTwitter2\" width=\"150\" height=\"150\" srcset=\"https:\/\/test.azultourquesa.com\/wp-content\/uploads\/2015\/04\/LogoTwitter2-150x150.png 150w, https:\/\/test.azultourquesa.com\/wp-content\/uploads\/2015\/04\/LogoTwitter2-210x210.png 210w, https:\/\/test.azultourquesa.com\/wp-content\/uploads\/2015\/04\/LogoTwitter2.png 250w\" sizes=\"auto, (max-width: 150px) 100vw, 150px\" \/><\/p>\n<p>\u00bfHas visto el color del mar en las playas del Caribe?\u00a0\u00bfHas notado el color de las plumas del pavorreal?\u00a0\u00bfHas visto la piedra turquesa de un color azul verdoso?<\/p>\n<blockquote><p><a href=\"http:\/\/en.wikipedia.org\/wiki\/Turquoise\" target=\"_blank\">\u201cThe pastel shades of turquoise have endeared it to many great cultures of antiquity: it has adorned the rulers of Ancient Egypt, the Aztecs (and possibly other Pre-Columbian Mesoamericans)\u2026\u201d <\/a><\/p><\/blockquote>\n<p>Es un color que me fascina. Y como est\u00e1 asociado a diferentes culturas del mundo, pens\u00e9 que era el nombre perfecto para un blog de viajes. Tourquoise es turquesa en ingl\u00e9s. Adem\u00e1s el juego de palabras con \u201ctour\u201d, viaje en ingl\u00e9s, me pareci\u00f3 divertido.<\/p>\n","protected":false},"excerpt":{"rendered":"<p>Mi vida se divide en tres partes. La\u00a0Parte 3 es la que empieza con este blog de viajes. Es la fase m\u00e1s satisfactoria de mi vida porque por fin puedo dedicarme a lo que realmente me apasiona: viajar, escribir y fotografiar. Es una \u00e9poca de creatividad, libertad y gozo. La Parte 2 empez\u00f3 a mi [&hellip;]<\/p>\n","protected":false},"author":1,"featured_media":0,"parent":0,"menu_order":0,"comment_status":"closed","ping_status":"closed","template":"","meta":{"ngg_post_thumbnail":0,"footnotes":""},"class_list":["post-36","page","type-page","status-publish","hentry"],"yoast_head":"<!-- This site is optimized with the Yoast SEO plugin v27.4 - https:\/\/yoast.com\/product\/yoast-seo-wordpress\/ -->\n<title>SOBRE M\u00cd | Azul Tourquesa<\/title>\n<meta name=\"description\" content=\"Viajo para entender, educarme y crecer. Mis ojos, mente y alma me gu\u00edan en este gran viaje que quiero compartir contigo.\" \/>\n<meta name=\"robots\" content=\"index, follow, max-snippet:-1, max-image-preview:large, max-video-preview:-1\" \/>\n<link rel=\"canonical\" href=\"https:\/\/test.azultourquesa.com\/es\/sobre-mi\/\" \/>\n<meta property=\"og:locale\" content=\"en_US\" \/>\n<meta property=\"og:type\" content=\"article\" \/>\n<meta property=\"og:title\" content=\"SOBRE M\u00cd | Azul Tourquesa\" \/>\n<meta property=\"og:description\" content=\"Viajo para entender, educarme y crecer. Mis ojos, mente y alma me gu\u00edan en este gran viaje que quiero compartir contigo.\" \/>\n<meta property=\"og:url\" content=\"https:\/\/test.azultourquesa.com\/es\/sobre-mi\/\" \/>\n<meta property=\"og:site_name\" content=\"Azul Tourquesa\" \/>\n<meta property=\"article:publisher\" content=\"https:\/\/www.facebook.com\/myazultourquesa\" \/>\n<meta property=\"article:modified_time\" content=\"2016-01-06T17:36:27+00:00\" \/>\n<meta property=\"og:image\" content=\"http:\/\/www.azultourquesa.com\/wp-content\/uploads\/2015\/04\/FotoMonica-e1429392893776-150x150.jpg\" \/>\n<meta name=\"twitter:card\" content=\"summary_large_image\" \/>\n<meta name=\"twitter:site\" content=\"@myazultourquesa\" \/>\n<meta name=\"twitter:label1\" content=\"Est. reading time\" \/>\n\t<meta name=\"twitter:data1\" content=\"2 minutes\" \/>\n<script type=\"application\/ld+json\" class=\"yoast-schema-graph\">{\"@context\":\"https:\\\/\\\/schema.org\",\"@graph\":[{\"@type\":\"WebPage\",\"@id\":\"https:\\\/\\\/test.azultourquesa.com\\\/es\\\/sobre-mi\\\/\",\"url\":\"https:\\\/\\\/test.azultourquesa.com\\\/es\\\/sobre-mi\\\/\",\"name\":\"SOBRE M\u00cd | Azul Tourquesa\",\"isPartOf\":{\"@id\":\"https:\\\/\\\/test.azultourquesa.com\\\/es\\\/#website\"},\"primaryImageOfPage\":{\"@id\":\"https:\\\/\\\/test.azultourquesa.com\\\/es\\\/sobre-mi\\\/#primaryimage\"},\"image\":{\"@id\":\"https:\\\/\\\/test.azultourquesa.com\\\/es\\\/sobre-mi\\\/#primaryimage\"},\"thumbnailUrl\":\"http:\\\/\\\/www.azultourquesa.com\\\/wp-content\\\/uploads\\\/2015\\\/04\\\/FotoMonica-e1429392893776-150x150.jpg\",\"datePublished\":\"2015-04-18T04:42:13+00:00\",\"dateModified\":\"2016-01-06T17:36:27+00:00\",\"description\":\"Viajo para entender, educarme y crecer. Mis ojos, mente y alma me gu\u00edan en este gran viaje que quiero compartir contigo.\",\"breadcrumb\":{\"@id\":\"https:\\\/\\\/test.azultourquesa.com\\\/es\\\/sobre-mi\\\/#breadcrumb\"},\"inLanguage\":\"en-US\",\"potentialAction\":[{\"@type\":\"ReadAction\",\"target\":[\"https:\\\/\\\/test.azultourquesa.com\\\/es\\\/sobre-mi\\\/\"]}]},{\"@type\":\"ImageObject\",\"inLanguage\":\"en-US\",\"@id\":\"https:\\\/\\\/test.azultourquesa.com\\\/es\\\/sobre-mi\\\/#primaryimage\",\"url\":\"http:\\\/\\\/www.azultourquesa.com\\\/wp-content\\\/uploads\\\/2015\\\/04\\\/FotoMonica-e1429392893776-150x150.jpg\",\"contentUrl\":\"http:\\\/\\\/www.azultourquesa.com\\\/wp-content\\\/uploads\\\/2015\\\/04\\\/FotoMonica-e1429392893776-150x150.jpg\"},{\"@type\":\"BreadcrumbList\",\"@id\":\"https:\\\/\\\/test.azultourquesa.com\\\/es\\\/sobre-mi\\\/#breadcrumb\",\"itemListElement\":[{\"@type\":\"ListItem\",\"position\":1,\"name\":\"Home\",\"item\":\"https:\\\/\\\/test.azultourquesa.com\\\/es\\\/\"},{\"@type\":\"ListItem\",\"position\":2,\"name\":\"SOBRE M\u00cd\"}]},{\"@type\":\"WebSite\",\"@id\":\"https:\\\/\\\/test.azultourquesa.com\\\/es\\\/#website\",\"url\":\"https:\\\/\\\/test.azultourquesa.com\\\/es\\\/\",\"name\":\"Azul Tourquesa\",\"description\":\"La vida es un gran viaje\",\"potentialAction\":[{\"@type\":\"SearchAction\",\"target\":{\"@type\":\"EntryPoint\",\"urlTemplate\":\"https:\\\/\\\/test.azultourquesa.com\\\/es\\\/?s={search_term_string}\"},\"query-input\":{\"@type\":\"PropertyValueSpecification\",\"valueRequired\":true,\"valueName\":\"search_term_string\"}}],\"inLanguage\":\"en-US\"}]}<\/script>\n<!-- \/ Yoast SEO plugin. -->","yoast_head_json":{"title":"SOBRE M\u00cd | Azul Tourquesa","description":"Viajo para entender, educarme y crecer. Mis ojos, mente y alma me gu\u00edan en este gran viaje que quiero compartir contigo.","robots":{"index":"index","follow":"follow","max-snippet":"max-snippet:-1","max-image-preview":"max-image-preview:large","max-video-preview":"max-video-preview:-1"},"canonical":"https:\/\/test.azultourquesa.com\/es\/sobre-mi\/","og_locale":"en_US","og_type":"article","og_title":"SOBRE M\u00cd | Azul Tourquesa","og_description":"Viajo para entender, educarme y crecer. Mis ojos, mente y alma me gu\u00edan en este gran viaje que quiero compartir contigo.","og_url":"https:\/\/test.azultourquesa.com\/es\/sobre-mi\/","og_site_name":"Azul Tourquesa","article_publisher":"https:\/\/www.facebook.com\/myazultourquesa","article_modified_time":"2016-01-06T17:36:27+00:00","og_image":[{"url":"http:\/\/www.azultourquesa.com\/wp-content\/uploads\/2015\/04\/FotoMonica-e1429392893776-150x150.jpg","type":"","width":"","height":""}],"twitter_card":"summary_large_image","twitter_site":"@myazultourquesa","twitter_misc":{"Est. reading time":"2 minutes"},"schema":{"@context":"https:\/\/schema.org","@graph":[{"@type":"WebPage","@id":"https:\/\/test.azultourquesa.com\/es\/sobre-mi\/","url":"https:\/\/test.azultourquesa.com\/es\/sobre-mi\/","name":"SOBRE M\u00cd | Azul Tourquesa","isPartOf":{"@id":"https:\/\/test.azultourquesa.com\/es\/#website"},"primaryImageOfPage":{"@id":"https:\/\/test.azultourquesa.com\/es\/sobre-mi\/#primaryimage"},"image":{"@id":"https:\/\/test.azultourquesa.com\/es\/sobre-mi\/#primaryimage"},"thumbnailUrl":"http:\/\/www.azultourquesa.com\/wp-content\/uploads\/2015\/04\/FotoMonica-e1429392893776-150x150.jpg","datePublished":"2015-04-18T04:42:13+00:00","dateModified":"2016-01-06T17:36:27+00:00","description":"Viajo para entender, educarme y crecer. Mis ojos, mente y alma me gu\u00edan en este gran viaje que quiero compartir contigo.","breadcrumb":{"@id":"https:\/\/test.azultourquesa.com\/es\/sobre-mi\/#breadcrumb"},"inLanguage":"en-US","potentialAction":[{"@type":"ReadAction","target":["https:\/\/test.azultourquesa.com\/es\/sobre-mi\/"]}]},{"@type":"ImageObject","inLanguage":"en-US","@id":"https:\/\/test.azultourquesa.com\/es\/sobre-mi\/#primaryimage","url":"http:\/\/www.azultourquesa.com\/wp-content\/uploads\/2015\/04\/FotoMonica-e1429392893776-150x150.jpg","contentUrl":"http:\/\/www.azultourquesa.com\/wp-content\/uploads\/2015\/04\/FotoMonica-e1429392893776-150x150.jpg"},{"@type":"BreadcrumbList","@id":"https:\/\/test.azultourquesa.com\/es\/sobre-mi\/#breadcrumb","itemListElement":[{"@type":"ListItem","position":1,"name":"Home","item":"https:\/\/test.azultourquesa.com\/es\/"},{"@type":"ListItem","position":2,"name":"SOBRE M\u00cd"}]},{"@type":"WebSite","@id":"https:\/\/test.azultourquesa.com\/es\/#website","url":"https:\/\/test.azultourquesa.com\/es\/","name":"Azul Tourquesa","description":"La vida es un gran viaje","potentialAction":[{"@type":"SearchAction","target":{"@type":"EntryPoint","urlTemplate":"https:\/\/test.azultourquesa.com\/es\/?s={search_term_string}"},"query-input":{"@type":"PropertyValueSpecification","valueRequired":true,"valueName":"search_term_string"}}],"inLanguage":"en-US"}]}},"_links":{"self":[{"href":"https:\/\/test.azultourquesa.com\/es\/wp-json\/wp\/v2\/pages\/36","targetHints":{"allow":["GET"]}}],"collection":[{"href":"https:\/\/test.azultourquesa.com\/es\/wp-json\/wp\/v2\/pages"}],"about":[{"href":"https:\/\/test.azultourquesa.com\/es\/wp-json\/wp\/v2\/types\/page"}],"author":[{"embeddable":true,"href":"https:\/\/test.azultourquesa.com\/es\/wp-json\/wp\/v2\/users\/1"}],"replies":[{"embeddable":true,"href":"https:\/\/test.azultourquesa.com\/es\/wp-json\/wp\/v2\/comments?post=36"}],"version-history":[{"count":1,"href":"https:\/\/test.azultourquesa.com\/es\/wp-json\/wp\/v2\/pages\/36\/revisions"}],"predecessor-version":[{"id":3237,"href":"https:\/\/test.azultourquesa.com\/es\/wp-json\/wp\/v2\/pages\/36\/revisions\/3237"}],"wp:attachment":[{"href":"https:\/\/test.azultourquesa.com\/es\/wp-json\/wp\/v2\/media?parent=36"}],"curies":[{"name":"wp","href":"https:\/\/api.w.org\/{rel}","templated":true}]}}