{"id":40,"date":"2015-04-18T04:43:59","date_gmt":"2015-04-18T04:43:59","guid":{"rendered":"http:\/\/www.azultourquesa.com\/?page_id=40"},"modified":"2015-12-27T03:53:12","modified_gmt":"2015-12-27T08:53:12","slug":"contacto","status":"publish","type":"page","link":"https:\/\/test.azultourquesa.com\/es\/contacto\/","title":{"rendered":"CONTACTO"},"content":{"rendered":"<p><span id=\"result_box\" class=\"\" lang=\"en\"><span class=\"hps\">Me gustar\u00eda escuchar de ti<\/span>. Escr\u00edbeme si tienes preguntas, sugerencias o comentarios.<\/span><\/p>\n<p><span id=\"result_box\" class=\"\" lang=\"en\"><span class=\"\">Vivo en Austin, Texas. No es solamente la capital del estado, sino tambi\u00e9n es conocida como &#8220;la capital de la m\u00fasica en vivo del mundo&#8221;. Es un centro para el cine y el hogar de la Universidad de Texas y el Circuito de las Am\u00e9ricas de la F\u00f3rmula 1. Sus abundantes parques y lagos son populares para el senderismo, ciclismo, nataci\u00f3n, canotaje y otras actividades al aire libre.<\/span><\/span><\/p>\n<p><span id=\"result_box\" class=\"\" lang=\"en\"><span class=\"\">Ponte en contacto cuando visites esta ciudad. Podr\u00edas necesitar una gu\u00eda de turista \ud83d\ude42<br \/>\n<\/span><\/span><br \/>\n<iframe loading=\"lazy\" src=\"https:\/\/maps.google.com\/maps?f=q&amp;source=s_q&amp;hl=en&amp;geocode=&amp;q=austin,+tx&amp;sll=30.297084,-97.769122&amp;sspn=0.426862,0.436707&amp;ie=UTF8&amp;hq=&amp;hnear=Austin,+Travis+County,+Texas&amp;ll=30.267153,-97.743061&amp;spn=0.426991,0.436707&amp;t=m&amp;z=11&amp;output=embed\" width=\"100%\" height=\"350\" frameborder=\"0\" marginwidth=\"0\" marginheight=\"0\" scrolling=\"no\"><\/iframe><br \/>\n<small><a style=\"color: #0000ff; text-align: left;\" href=\"https:\/\/maps.google.com\/maps?f=q&amp;source=embed&amp;hl=en&amp;geocode=&amp;q=austin,+tx&amp;sll=30.297084,-97.769122&amp;sspn=0.426862,0.436707&amp;ie=UTF8&amp;hq=&amp;hnear=Austin,+Travis+County,+Texas&amp;ll=30.267153,-97.743061&amp;spn=0.426991,0.436707&amp;t=m&amp;z=11\">View Larger Map<\/a><\/small><br \/>\n\n<div class=\"wpcf7 no-js\" id=\"wpcf7-f42-o1\" lang=\"en-US\" dir=\"ltr\" data-wpcf7-id=\"42\">\n<div class=\"screen-reader-response\"><p role=\"status\" aria-live=\"polite\" aria-atomic=\"true\"><\/p> <ul><\/ul><\/div>\n<form action=\"\/es\/wp-json\/wp\/v2\/pages\/40#wpcf7-f42-o1\" method=\"post\" class=\"wpcf7-form init\" aria-label=\"Contact form\" novalidate=\"novalidate\" data-status=\"init\">\n<fieldset class=\"hidden-fields-container\"><input type=\"hidden\" name=\"_wpcf7\" value=\"42\" \/><input type=\"hidden\" name=\"_wpcf7_version\" value=\"6.1.5\" \/><input type=\"hidden\" name=\"_wpcf7_locale\" value=\"en_US\" \/><input type=\"hidden\" name=\"_wpcf7_unit_tag\" value=\"wpcf7-f42-o1\" \/><input type=\"hidden\" name=\"_wpcf7_container_post\" value=\"0\" \/><input type=\"hidden\" name=\"_wpcf7_posted_data_hash\" value=\"\" \/>\n<\/fieldset>\n<div class=\"container\">\n\t<div class=\"row\">\n\t\t<div class=\"col-md-6\">\n\t\t\t<p><span class=\"wpcf7-form-control-wrap\" data-name=\"your-name\"><input size=\"40\" maxlength=\"400\" class=\"wpcf7-form-control wpcf7-text wpcf7-validates-as-required\" aria-required=\"true\" aria-invalid=\"false\" placeholder=\"Nombre\" value=\"\" type=\"text\" name=\"your-name\" \/><\/span>\n\t\t\t<\/p>\n\t\t<\/div>\n\t\t<div class=\"col-md-6\">\n\t\t\t<p><span class=\"wpcf7-form-control-wrap\" data-name=\"phone\"><input size=\"40\" maxlength=\"400\" class=\"wpcf7-form-control wpcf7-text wpcf7-validates-as-required\" aria-required=\"true\" aria-invalid=\"false\" placeholder=\"Tel\u00e9fono\" value=\"\" type=\"text\" name=\"phone\" \/><\/span>\n\t\t\t<\/p>\n\t\t<\/div>\n\t<\/div>\n\t<div class=\"row\">\n\t\t<div class=\"col-md-12\">\n\t\t\t<p><span class=\"wpcf7-form-control-wrap\" data-name=\"your-email\"><input size=\"40\" maxlength=\"400\" class=\"wpcf7-form-control wpcf7-email wpcf7-validates-as-required wpcf7-text wpcf7-validates-as-email\" aria-required=\"true\" aria-invalid=\"false\" placeholder=\"Correo electr\u00f3nico\" value=\"\" type=\"email\" name=\"your-email\" \/><\/span>\n\t\t\t<\/p>\n\t\t<\/div>\n\t<\/div>\n\t<div class=\"row\">\n\t\t<div class=\"col-md-12\">\n\t\t\t<p><span class=\"wpcf7-form-control-wrap\" data-name=\"your-message\"><textarea cols=\"40\" rows=\"10\" maxlength=\"2000\" class=\"wpcf7-form-control wpcf7-textarea\" aria-invalid=\"false\" placeholder=\"Mensaje\" name=\"your-message\"><\/textarea><\/span>\n\t\t\t<\/p>\n\t\t<\/div>\n\t<\/div>\n\t<div class=\"row\">\n\t\t<div class=\"col-md-12\">\n\t\t\t<p><input class=\"wpcf7-form-control wpcf7-submit has-spinner\" type=\"submit\" value=\"Enviar mensaje\" \/>\n\t\t\t<\/p>\n\t\t<\/div>\n\t<\/div>\n<\/div><p style=\"display: none !important;\" class=\"akismet-fields-container\" data-prefix=\"_wpcf7_ak_\"><label>&#916;<textarea name=\"_wpcf7_ak_hp_textarea\" cols=\"45\" rows=\"8\" maxlength=\"100\"><\/textarea><\/label><input type=\"hidden\" id=\"ak_js_1\" name=\"_wpcf7_ak_js\" value=\"57\"\/><script>document.getElementById( \"ak_js_1\" ).setAttribute( \"value\", ( new Date() ).getTime() );<\/script><\/p><div class=\"wpcf7-response-output\" aria-hidden=\"true\"><\/div>\n<\/form>\n<\/div>\n","protected":false},"excerpt":{"rendered":"<p>Me gustar\u00eda escuchar de ti. Escr\u00edbeme si tienes preguntas, sugerencias o comentarios. Vivo en Austin, Texas. No es solamente la capital del estado, sino tambi\u00e9n es conocida como &#8220;la capital de la m\u00fasica en vivo del mundo&#8221;. Es un centro para el cine y el hogar de la Universidad de Texas y el Circuito de [&hellip;]<\/p>\n","protected":false},"author":1,"featured_media":0,"parent":0,"menu_order":0,"comment_status":"closed","ping_status":"closed","template":"","meta":{"ngg_post_thumbnail":0,"footnotes":""},"class_list":["post-40","page","type-page","status-publish","hentry"],"yoast_head":"<!-- This site is optimized with the Yoast SEO plugin v27.4 - https:\/\/yoast.com\/product\/yoast-seo-wordpress\/ -->\n<title>CONTACTO | Azul Tourquesa<\/title>\n<meta name=\"description\" content=\"\u00bfTienes preguntas, sugerencias o comentarios para este blog de viajes? \u00a1Escr\u00edbeme! Ponte en contacto si alguna vez visitas Austin, Texas.\" \/>\n<meta name=\"robots\" content=\"index, follow, max-snippet:-1, max-image-preview:large, max-video-preview:-1\" \/>\n<link rel=\"canonical\" href=\"https:\/\/test.azultourquesa.com\/es\/contacto\/\" \/>\n<meta property=\"og:locale\" content=\"en_US\" \/>\n<meta property=\"og:type\" content=\"article\" \/>\n<meta property=\"og:title\" content=\"CONTACTO | Azul Tourquesa\" \/>\n<meta property=\"og:description\" content=\"\u00bfTienes preguntas, sugerencias o comentarios para este blog de viajes? \u00a1Escr\u00edbeme! Ponte en contacto si alguna vez visitas Austin, Texas.\" \/>\n<meta property=\"og:url\" content=\"https:\/\/test.azultourquesa.com\/es\/contacto\/\" \/>\n<meta property=\"og:site_name\" content=\"Azul Tourquesa\" \/>\n<meta property=\"article:publisher\" content=\"https:\/\/www.facebook.com\/myazultourquesa\" \/>\n<meta property=\"article:modified_time\" content=\"2015-12-27T08:53:12+00:00\" \/>\n<meta property=\"og:image\" content=\"https:\/\/test.azultourquesa.com\/wp-content\/uploads\/2015\/11\/12224155_760737917388724_634848035_n.jpg\" \/>\n\t<meta property=\"og:image:width\" content=\"1080\" \/>\n\t<meta property=\"og:image:height\" content=\"1080\" \/>\n\t<meta property=\"og:image:type\" content=\"image\/jpeg\" \/>\n<meta name=\"twitter:card\" content=\"summary_large_image\" \/>\n<meta name=\"twitter:site\" content=\"@myazultourquesa\" \/>\n<meta name=\"twitter:label1\" content=\"Est. reading time\" \/>\n\t<meta name=\"twitter:data1\" content=\"1 minute\" \/>\n<script type=\"application\/ld+json\" class=\"yoast-schema-graph\">{\"@context\":\"https:\\\/\\\/schema.org\",\"@graph\":[{\"@type\":\"WebPage\",\"@id\":\"https:\\\/\\\/test.azultourquesa.com\\\/es\\\/contacto\\\/\",\"url\":\"https:\\\/\\\/test.azultourquesa.com\\\/es\\\/contacto\\\/\",\"name\":\"CONTACTO | Azul Tourquesa\",\"isPartOf\":{\"@id\":\"https:\\\/\\\/test.azultourquesa.com\\\/es\\\/#website\"},\"datePublished\":\"2015-04-18T04:43:59+00:00\",\"dateModified\":\"2015-12-27T08:53:12+00:00\",\"description\":\"\u00bfTienes preguntas, sugerencias o comentarios para este blog de viajes? \u00a1Escr\u00edbeme! Ponte en contacto si alguna vez visitas Austin, Texas.\",\"breadcrumb\":{\"@id\":\"https:\\\/\\\/test.azultourquesa.com\\\/es\\\/contacto\\\/#breadcrumb\"},\"inLanguage\":\"en-US\",\"potentialAction\":[{\"@type\":\"ReadAction\",\"target\":[\"https:\\\/\\\/test.azultourquesa.com\\\/es\\\/contacto\\\/\"]}]},{\"@type\":\"BreadcrumbList\",\"@id\":\"https:\\\/\\\/test.azultourquesa.com\\\/es\\\/contacto\\\/#breadcrumb\",\"itemListElement\":[{\"@type\":\"ListItem\",\"position\":1,\"name\":\"Home\",\"item\":\"https:\\\/\\\/test.azultourquesa.com\\\/es\\\/\"},{\"@type\":\"ListItem\",\"position\":2,\"name\":\"CONTACTO\"}]},{\"@type\":\"WebSite\",\"@id\":\"https:\\\/\\\/test.azultourquesa.com\\\/es\\\/#website\",\"url\":\"https:\\\/\\\/test.azultourquesa.com\\\/es\\\/\",\"name\":\"Azul Tourquesa\",\"description\":\"La vida es un gran viaje\",\"potentialAction\":[{\"@type\":\"SearchAction\",\"target\":{\"@type\":\"EntryPoint\",\"urlTemplate\":\"https:\\\/\\\/test.azultourquesa.com\\\/es\\\/?s={search_term_string}\"},\"query-input\":{\"@type\":\"PropertyValueSpecification\",\"valueRequired\":true,\"valueName\":\"search_term_string\"}}],\"inLanguage\":\"en-US\"}]}<\/script>\n<!-- \/ Yoast SEO plugin. -->","yoast_head_json":{"title":"CONTACTO | Azul Tourquesa","description":"\u00bfTienes preguntas, sugerencias o comentarios para este blog de viajes? \u00a1Escr\u00edbeme! Ponte en contacto si alguna vez visitas Austin, Texas.","robots":{"index":"index","follow":"follow","max-snippet":"max-snippet:-1","max-image-preview":"max-image-preview:large","max-video-preview":"max-video-preview:-1"},"canonical":"https:\/\/test.azultourquesa.com\/es\/contacto\/","og_locale":"en_US","og_type":"article","og_title":"CONTACTO | Azul Tourquesa","og_description":"\u00bfTienes preguntas, sugerencias o comentarios para este blog de viajes? \u00a1Escr\u00edbeme! Ponte en contacto si alguna vez visitas Austin, Texas.","og_url":"https:\/\/test.azultourquesa.com\/es\/contacto\/","og_site_name":"Azul Tourquesa","article_publisher":"https:\/\/www.facebook.com\/myazultourquesa","article_modified_time":"2015-12-27T08:53:12+00:00","og_image":[{"width":1080,"height":1080,"url":"https:\/\/test.azultourquesa.com\/wp-content\/uploads\/2015\/11\/12224155_760737917388724_634848035_n.jpg","type":"image\/jpeg"}],"twitter_card":"summary_large_image","twitter_site":"@myazultourquesa","twitter_misc":{"Est. reading time":"1 minute"},"schema":{"@context":"https:\/\/schema.org","@graph":[{"@type":"WebPage","@id":"https:\/\/test.azultourquesa.com\/es\/contacto\/","url":"https:\/\/test.azultourquesa.com\/es\/contacto\/","name":"CONTACTO | Azul Tourquesa","isPartOf":{"@id":"https:\/\/test.azultourquesa.com\/es\/#website"},"datePublished":"2015-04-18T04:43:59+00:00","dateModified":"2015-12-27T08:53:12+00:00","description":"\u00bfTienes preguntas, sugerencias o comentarios para este blog de viajes? \u00a1Escr\u00edbeme! Ponte en contacto si alguna vez visitas Austin, Texas.","breadcrumb":{"@id":"https:\/\/test.azultourquesa.com\/es\/contacto\/#breadcrumb"},"inLanguage":"en-US","potentialAction":[{"@type":"ReadAction","target":["https:\/\/test.azultourquesa.com\/es\/contacto\/"]}]},{"@type":"BreadcrumbList","@id":"https:\/\/test.azultourquesa.com\/es\/contacto\/#breadcrumb","itemListElement":[{"@type":"ListItem","position":1,"name":"Home","item":"https:\/\/test.azultourquesa.com\/es\/"},{"@type":"ListItem","position":2,"name":"CONTACTO"}]},{"@type":"WebSite","@id":"https:\/\/test.azultourquesa.com\/es\/#website","url":"https:\/\/test.azultourquesa.com\/es\/","name":"Azul Tourquesa","description":"La vida es un gran viaje","potentialAction":[{"@type":"SearchAction","target":{"@type":"EntryPoint","urlTemplate":"https:\/\/test.azultourquesa.com\/es\/?s={search_term_string}"},"query-input":{"@type":"PropertyValueSpecification","valueRequired":true,"valueName":"search_term_string"}}],"inLanguage":"en-US"}]}},"_links":{"self":[{"href":"https:\/\/test.azultourquesa.com\/es\/wp-json\/wp\/v2\/pages\/40","targetHints":{"allow":["GET"]}}],"collection":[{"href":"https:\/\/test.azultourquesa.com\/es\/wp-json\/wp\/v2\/pages"}],"about":[{"href":"https:\/\/test.azultourquesa.com\/es\/wp-json\/wp\/v2\/types\/page"}],"author":[{"embeddable":true,"href":"https:\/\/test.azultourquesa.com\/es\/wp-json\/wp\/v2\/users\/1"}],"replies":[{"embeddable":true,"href":"https:\/\/test.azultourquesa.com\/es\/wp-json\/wp\/v2\/comments?post=40"}],"version-history":[{"count":1,"href":"https:\/\/test.azultourquesa.com\/es\/wp-json\/wp\/v2\/pages\/40\/revisions"}],"predecessor-version":[{"id":3204,"href":"https:\/\/test.azultourquesa.com\/es\/wp-json\/wp\/v2\/pages\/40\/revisions\/3204"}],"wp:attachment":[{"href":"https:\/\/test.azultourquesa.com\/es\/wp-json\/wp\/v2\/media?parent=40"}],"curies":[{"name":"wp","href":"https:\/\/api.w.org\/{rel}","templated":true}]}}