{"id":84,"date":"2015-04-24T02:21:05","date_gmt":"2015-04-24T02:21:05","guid":{"rendered":"http:\/\/www.azultourquesa.com\/?page_id=84"},"modified":"2015-12-18T01:56:09","modified_gmt":"2015-12-18T06:56:09","slug":"destinations","status":"publish","type":"page","link":"https:\/\/test.azultourquesa.com\/es\/destinations\/","title":{"rendered":"DESTINOS"},"content":{"rendered":"<p>[vc_row][vc_column][vc_column_text]Todos los destinos (no muchos todav\u00eda) han sido visitados por <strong>Azul Tourquesa<\/strong>, un blog de viajes con un enfoque educativo. Un viaje a la luna empieza con el primer paso, as\u00ed que habr\u00e1 m\u00e1s destinos en el futuro. Lo prometo.<\/p>\n<p>A menos que se especifique de otro modo, todas las fotograf\u00edas fueron tomadas por M\u00f3nica Rivera, y <a href=\"http:\/\/www.azultourquesa\">www.azultourquesa<\/a> tiene los derechos de autor, as\u00ed como de los escritos publicados. Todos los derechos est\u00e1n reservados.<\/p>\n<p>[\/vc_column_text][\/vc_column][\/vc_row][vc_row][vc_column]<div class=\"templatera_shortcode\"><div class=\"vc_row wpb_row row categories-grid\"><div class=\"wpb_column vc_column_container col-sm-3 col-xs-6\"><div class=\"vc_column-inner\"><div class=\"wpb_wrapper\">\n\t<div class=\"wpb_text_column wpb_content_element  wpb_animate_when_almost_visible wpb_appear appear\" >\n\t\t<div class=\"wpb_wrapper\">\n\t\t\t<p><img loading=\"lazy\" decoding=\"async\" class=\"alignnone size-full wp-image-3132\" src=\"http:\/\/azultourquesa.com\/EN\/wp-content\/uploads\/2015\/11\/costarica.jpg\" alt=\"costarica\" width=\"270\" height=\"270\" \/><a href=\"http:\/\/azultourquesa.com\/category\/costa-rica\/\">Costa Rica<\/a><\/p>\n\n\t\t<\/div>\n\t<\/div>\n<\/div><\/div><\/div><div class=\"wpb_column vc_column_container col-sm-3 col-xs-6\"><div class=\"vc_column-inner\"><div class=\"wpb_wrapper\">\n\t<div class=\"wpb_text_column wpb_content_element \" >\n\t\t<div class=\"wpb_wrapper\">\n\t\t\t<p><img loading=\"lazy\" decoding=\"async\" class=\"alignnone size-full wp-image-3133\" src=\"http:\/\/azultourquesa.com\/EN\/wp-content\/uploads\/2015\/11\/alaska.jpg\" alt=\"alaska\" width=\"270\" height=\"270\" \/><a href=\"http:\/\/azultourquesa.com\/category\/alaska\/\">Alaska<\/a><\/p>\n\n\t\t<\/div>\n\t<\/div>\n<\/div><\/div><\/div><div class=\"wpb_column vc_column_container col-sm-3 col-xs-6\"><div class=\"vc_column-inner\"><div class=\"wpb_wrapper\">\n\t<div class=\"wpb_text_column wpb_content_element \" >\n\t\t<div class=\"wpb_wrapper\">\n\t\t\t<p><img loading=\"lazy\" decoding=\"async\" class=\"alignnone size-full wp-image-3133\" src=\"http:\/\/azultourquesa.com\/EN\/wp-content\/uploads\/2015\/11\/texas.jpg\" alt=\"texas\" width=\"270\" height=\"270\" \/><a href=\"http:\/\/azultourquesa.com\/category\/texas\/\">Texas<\/a><\/p>\n\n\t\t<\/div>\n\t<\/div>\n<\/div><\/div><\/div><div class=\"wpb_column vc_column_container col-sm-3 col-xs-6\"><div class=\"vc_column-inner\"><div class=\"wpb_wrapper\">\n\t<div class=\"wpb_text_column wpb_content_element \" >\n\t\t<div class=\"wpb_wrapper\">\n\t\t\t<p><img loading=\"lazy\" decoding=\"async\" class=\"alignnone size-full wp-image-3133\" src=\"http:\/\/azultourquesa.com\/EN\/wp-content\/uploads\/2015\/11\/mexico.jpg\" alt=\"mexico\" width=\"270\" height=\"270\" \/><a href=\"http:\/\/azultourquesa.com\/category\/mexico\/\">Mexico<\/a><\/p>\n\n\t\t<\/div>\n\t<\/div>\n<\/div><\/div><\/div><\/div><\/div>[\/vc_column][\/vc_row]<\/p>\n","protected":false},"excerpt":{"rendered":"Costa Rica Alaska Texas Mexico","protected":false},"author":1,"featured_media":0,"parent":0,"menu_order":0,"comment_status":"open","ping_status":"closed","template":"","meta":{"ngg_post_thumbnail":0,"footnotes":""},"class_list":["post-84","page","type-page","status-publish","hentry"],"yoast_head":"<!-- This site is optimized with the Yoast SEO plugin v27.4 - https:\/\/yoast.com\/product\/yoast-seo-wordpress\/ -->\n<title>DESTINATIONS | Azul Tourquesa<\/title>\n<meta name=\"description\" content=\"Destinations visited by Azul Tourquesa, a travel blog focused on living life as a unique journey full of teachings. Come live it with me!\" \/>\n<meta name=\"robots\" content=\"index, follow, max-snippet:-1, max-image-preview:large, max-video-preview:-1\" \/>\n<link rel=\"canonical\" href=\"https:\/\/test.azultourquesa.com\/es\/destinations\/\" \/>\n<meta property=\"og:locale\" content=\"en_US\" \/>\n<meta property=\"og:type\" content=\"article\" \/>\n<meta property=\"og:title\" content=\"DESTINATIONS | Azul Tourquesa\" \/>\n<meta property=\"og:description\" content=\"Destinations visited by Azul Tourquesa, a travel blog focused on living life as a unique journey full of teachings. Come live it with me!\" \/>\n<meta property=\"og:url\" content=\"https:\/\/test.azultourquesa.com\/es\/destinations\/\" \/>\n<meta property=\"og:site_name\" content=\"Azul Tourquesa\" \/>\n<meta property=\"article:publisher\" content=\"https:\/\/www.facebook.com\/myazultourquesa\" \/>\n<meta property=\"article:modified_time\" content=\"2015-12-18T06:56:09+00:00\" \/>\n<meta property=\"og:image\" content=\"https:\/\/test.azultourquesa.com\/wp-content\/uploads\/2015\/11\/12224155_760737917388724_634848035_n.jpg\" \/>\n\t<meta property=\"og:image:width\" content=\"1080\" \/>\n\t<meta property=\"og:image:height\" content=\"1080\" \/>\n\t<meta property=\"og:image:type\" content=\"image\/jpeg\" \/>\n<meta name=\"twitter:card\" content=\"summary_large_image\" \/>\n<meta name=\"twitter:site\" content=\"@myazultourquesa\" \/>\n<meta name=\"twitter:label1\" content=\"Est. reading time\" \/>\n\t<meta name=\"twitter:data1\" content=\"1 minute\" \/>\n<script type=\"application\/ld+json\" class=\"yoast-schema-graph\">{\"@context\":\"https:\\\/\\\/schema.org\",\"@graph\":[{\"@type\":\"WebPage\",\"@id\":\"https:\\\/\\\/test.azultourquesa.com\\\/es\\\/destinations\\\/\",\"url\":\"https:\\\/\\\/test.azultourquesa.com\\\/es\\\/destinations\\\/\",\"name\":\"DESTINATIONS | Azul Tourquesa\",\"isPartOf\":{\"@id\":\"https:\\\/\\\/test.azultourquesa.com\\\/es\\\/#website\"},\"datePublished\":\"2015-04-24T02:21:05+00:00\",\"dateModified\":\"2015-12-18T06:56:09+00:00\",\"description\":\"Destinations visited by Azul Tourquesa, a travel blog focused on living life as a unique journey full of teachings. Come live it with me!\",\"breadcrumb\":{\"@id\":\"https:\\\/\\\/test.azultourquesa.com\\\/es\\\/destinations\\\/#breadcrumb\"},\"inLanguage\":\"en-US\",\"potentialAction\":[{\"@type\":\"ReadAction\",\"target\":[\"https:\\\/\\\/test.azultourquesa.com\\\/es\\\/destinations\\\/\"]}]},{\"@type\":\"BreadcrumbList\",\"@id\":\"https:\\\/\\\/test.azultourquesa.com\\\/es\\\/destinations\\\/#breadcrumb\",\"itemListElement\":[{\"@type\":\"ListItem\",\"position\":1,\"name\":\"Home\",\"item\":\"https:\\\/\\\/test.azultourquesa.com\\\/es\\\/\"},{\"@type\":\"ListItem\",\"position\":2,\"name\":\"DESTINOS\"}]},{\"@type\":\"WebSite\",\"@id\":\"https:\\\/\\\/test.azultourquesa.com\\\/es\\\/#website\",\"url\":\"https:\\\/\\\/test.azultourquesa.com\\\/es\\\/\",\"name\":\"Azul Tourquesa\",\"description\":\"La vida es un gran viaje\",\"potentialAction\":[{\"@type\":\"SearchAction\",\"target\":{\"@type\":\"EntryPoint\",\"urlTemplate\":\"https:\\\/\\\/test.azultourquesa.com\\\/es\\\/?s={search_term_string}\"},\"query-input\":{\"@type\":\"PropertyValueSpecification\",\"valueRequired\":true,\"valueName\":\"search_term_string\"}}],\"inLanguage\":\"en-US\"}]}<\/script>\n<!-- \/ Yoast SEO plugin. -->","yoast_head_json":{"title":"DESTINATIONS | Azul Tourquesa","description":"Destinations visited by Azul Tourquesa, a travel blog focused on living life as a unique journey full of teachings. Come live it with me!","robots":{"index":"index","follow":"follow","max-snippet":"max-snippet:-1","max-image-preview":"max-image-preview:large","max-video-preview":"max-video-preview:-1"},"canonical":"https:\/\/test.azultourquesa.com\/es\/destinations\/","og_locale":"en_US","og_type":"article","og_title":"DESTINATIONS | Azul Tourquesa","og_description":"Destinations visited by Azul Tourquesa, a travel blog focused on living life as a unique journey full of teachings. Come live it with me!","og_url":"https:\/\/test.azultourquesa.com\/es\/destinations\/","og_site_name":"Azul Tourquesa","article_publisher":"https:\/\/www.facebook.com\/myazultourquesa","article_modified_time":"2015-12-18T06:56:09+00:00","og_image":[{"width":1080,"height":1080,"url":"https:\/\/test.azultourquesa.com\/wp-content\/uploads\/2015\/11\/12224155_760737917388724_634848035_n.jpg","type":"image\/jpeg"}],"twitter_card":"summary_large_image","twitter_site":"@myazultourquesa","twitter_misc":{"Est. reading time":"1 minute"},"schema":{"@context":"https:\/\/schema.org","@graph":[{"@type":"WebPage","@id":"https:\/\/test.azultourquesa.com\/es\/destinations\/","url":"https:\/\/test.azultourquesa.com\/es\/destinations\/","name":"DESTINATIONS | Azul Tourquesa","isPartOf":{"@id":"https:\/\/test.azultourquesa.com\/es\/#website"},"datePublished":"2015-04-24T02:21:05+00:00","dateModified":"2015-12-18T06:56:09+00:00","description":"Destinations visited by Azul Tourquesa, a travel blog focused on living life as a unique journey full of teachings. Come live it with me!","breadcrumb":{"@id":"https:\/\/test.azultourquesa.com\/es\/destinations\/#breadcrumb"},"inLanguage":"en-US","potentialAction":[{"@type":"ReadAction","target":["https:\/\/test.azultourquesa.com\/es\/destinations\/"]}]},{"@type":"BreadcrumbList","@id":"https:\/\/test.azultourquesa.com\/es\/destinations\/#breadcrumb","itemListElement":[{"@type":"ListItem","position":1,"name":"Home","item":"https:\/\/test.azultourquesa.com\/es\/"},{"@type":"ListItem","position":2,"name":"DESTINOS"}]},{"@type":"WebSite","@id":"https:\/\/test.azultourquesa.com\/es\/#website","url":"https:\/\/test.azultourquesa.com\/es\/","name":"Azul Tourquesa","description":"La vida es un gran viaje","potentialAction":[{"@type":"SearchAction","target":{"@type":"EntryPoint","urlTemplate":"https:\/\/test.azultourquesa.com\/es\/?s={search_term_string}"},"query-input":{"@type":"PropertyValueSpecification","valueRequired":true,"valueName":"search_term_string"}}],"inLanguage":"en-US"}]}},"_links":{"self":[{"href":"https:\/\/test.azultourquesa.com\/es\/wp-json\/wp\/v2\/pages\/84","targetHints":{"allow":["GET"]}}],"collection":[{"href":"https:\/\/test.azultourquesa.com\/es\/wp-json\/wp\/v2\/pages"}],"about":[{"href":"https:\/\/test.azultourquesa.com\/es\/wp-json\/wp\/v2\/types\/page"}],"author":[{"embeddable":true,"href":"https:\/\/test.azultourquesa.com\/es\/wp-json\/wp\/v2\/users\/1"}],"replies":[{"embeddable":true,"href":"https:\/\/test.azultourquesa.com\/es\/wp-json\/wp\/v2\/comments?post=84"}],"version-history":[{"count":2,"href":"https:\/\/test.azultourquesa.com\/es\/wp-json\/wp\/v2\/pages\/84\/revisions"}],"predecessor-version":[{"id":3189,"href":"https:\/\/test.azultourquesa.com\/es\/wp-json\/wp\/v2\/pages\/84\/revisions\/3189"}],"wp:attachment":[{"href":"https:\/\/test.azultourquesa.com\/es\/wp-json\/wp\/v2\/media?parent=84"}],"curies":[{"name":"wp","href":"https:\/\/api.w.org\/{rel}","templated":true}]}}